{"id":20857,"date":"2026-03-06T06:29:03","date_gmt":"2026-03-06T06:29:03","guid":{"rendered":"https:\/\/www.machinehandeljansen.nl\/?post_type=product&#038;p=20857"},"modified":"2026-03-06T06:38:36","modified_gmt":"2026-03-06T06:38:36","slug":"produkt-vorlage-gabelstapler-kopie-30","status":"publish","type":"product","link":"https:\/\/www.machinehandeljansen.nl\/de\/produkt\/produkt-vorlage-gabelstapler-kopie-30\/","title":{"rendered":"Clark CY450BD"},"content":{"rendered":"<p><em>Wenn irgendwelche Attribute fehlen, geben Sie die zus\u00e4tzlichen Informationen hier ein. Oder die Standard-Zusatzinformationen, die Sie hier eingeben m\u00f6chten.   <\/em><\/p>\n<p>Lorem ipsum dolor sit amet, consectetur adipiscing elit. Nam tristique purus ac nisi placerat ultrices vel at velit. Aliquam ullamcorper hendrerit nisl et dictum. Curabitur varius turpis non tortor gravida dignissim ut id massa. Lorem ipsum dolor sit amet, consectetur adipiscing elit. Vestibulum bibendum nunc dui, et vulputate lorem sagittis quis. Etiam ut faucibus mi. Vestibulum sem urna, volutpat quis vehicula in, sodales et diam. Suspendisse in tempor mauris.        <\/p>\n","protected":false},"excerpt":{"rendered":"<p>Wenn irgendwelche Attribute fehlen, geben Sie die zus\u00e4tzlichen Informationen hier ein. Oder die Standard-Zusatzinformationen, die Sie hier eingeben m\u00f6chten. Lorem ipsum dolor sit amet, consectetur adipiscing elit. Nam tristique purus ac nisi placerat ultrices vel at velit. Aliquam ullamcorper hendrerit nisl et dictum. Curabitur varius turpis non tortor gravida dignissim ut id massa. Lorem ipsum [&hellip;]<\/p>\n","protected":false},"featured_media":20864,"template":"","meta":{"_joinchat":[]},"product_brand":[],"product_cat":[703,144],"product_tag":[],"class_list":{"0":"post-20857","1":"product","2":"type-product","3":"status-publish","4":"has-post-thumbnail","6":"product_cat-gabelstapler","7":"product_cat-nicht-kategorisiert","9":"first","10":"instock","11":"shipping-taxable","12":"product-type-simple"},"yoast_head":"<!-- This site is optimized with the Yoast SEO plugin v27.5 - https:\/\/yoast.com\/product\/yoast-seo-wordpress\/ -->\n<title>Clark CY450BD kaufen | Machinehandel Jansen<\/title>\n<meta name=\"description\" content=\"M\u00f6chten Sie Clark CY450BD kaufen? Sehen Sie sich diese gebrauchte Maschine bei Machinehandel Jansen an. Sofort verf\u00fcgbar, weltweiter Transport m\u00f6glich. Fordern Sie Informationen oder einen Preis an.\" \/>\n<meta name=\"robots\" content=\"index, follow, max-snippet:-1, max-image-preview:large, max-video-preview:-1\" \/>\n<link rel=\"canonical\" href=\"https:\/\/www.machinehandeljansen.nl\/de\/produkt\/produkt-vorlage-gabelstapler-kopie-30\/\" \/>\n<meta property=\"og:locale\" content=\"de_DE\" \/>\n<meta property=\"og:type\" content=\"article\" \/>\n<meta property=\"og:title\" content=\"Clark CY450BD kaufen | Machinehandel Jansen\" \/>\n<meta property=\"og:description\" content=\"M\u00f6chten Sie Clark CY450BD kaufen? Sehen Sie sich diese gebrauchte Maschine bei Machinehandel Jansen an. Sofort verf\u00fcgbar, weltweiter Transport m\u00f6glich. Fordern Sie Informationen oder einen Preis an.\" \/>\n<meta property=\"og:url\" content=\"https:\/\/www.machinehandeljansen.nl\/de\/produkt\/produkt-vorlage-gabelstapler-kopie-30\/\" \/>\n<meta property=\"og:site_name\" content=\"Machinehandel Jansen\" \/>\n<meta property=\"article:publisher\" content=\"https:\/\/www.facebook.com\/profile.php?id=100064073562449\" \/>\n<meta property=\"article:modified_time\" content=\"2026-03-06T06:38:36+00:00\" \/>\n<meta property=\"og:image\" content=\"https:\/\/www.machinehandeljansen.nl\/wp-content\/uploads\/2026\/03\/Clark-CY450BD-1.jpg\" \/>\n\t<meta property=\"og:image:width\" content=\"1024\" \/>\n\t<meta property=\"og:image:height\" content=\"768\" \/>\n\t<meta property=\"og:image:type\" content=\"image\/jpeg\" \/>\n<meta name=\"twitter:card\" content=\"summary_large_image\" \/>\n<script type=\"application\/ld+json\" class=\"yoast-schema-graph\">{\"@context\":\"https:\\\/\\\/schema.org\",\"@graph\":[{\"@type\":\"WebPage\",\"@id\":\"https:\\\/\\\/www.machinehandeljansen.nl\\\/de\\\/produkt\\\/produkt-vorlage-gabelstapler-kopie-30\\\/\",\"url\":\"https:\\\/\\\/www.machinehandeljansen.nl\\\/de\\\/produkt\\\/produkt-vorlage-gabelstapler-kopie-30\\\/\",\"name\":\"Clark CY450BD kaufen | Machinehandel Jansen\",\"isPartOf\":{\"@id\":\"https:\\\/\\\/www.machinehandeljansen.nl\\\/en\\\/#website\"},\"primaryImageOfPage\":{\"@id\":\"https:\\\/\\\/www.machinehandeljansen.nl\\\/de\\\/produkt\\\/produkt-vorlage-gabelstapler-kopie-30\\\/#primaryimage\"},\"image\":{\"@id\":\"https:\\\/\\\/www.machinehandeljansen.nl\\\/de\\\/produkt\\\/produkt-vorlage-gabelstapler-kopie-30\\\/#primaryimage\"},\"thumbnailUrl\":\"https:\\\/\\\/www.machinehandeljansen.nl\\\/wp-content\\\/uploads\\\/2026\\\/03\\\/Clark-CY450BD-1.webp\",\"datePublished\":\"2026-03-06T06:29:03+00:00\",\"dateModified\":\"2026-03-06T06:38:36+00:00\",\"description\":\"M\u00f6chten Sie Clark CY450BD kaufen? Sehen Sie sich diese gebrauchte Maschine bei Machinehandel Jansen an. Sofort verf\u00fcgbar, weltweiter Transport m\u00f6glich. Fordern Sie Informationen oder einen Preis an.\",\"breadcrumb\":{\"@id\":\"https:\\\/\\\/www.machinehandeljansen.nl\\\/de\\\/produkt\\\/produkt-vorlage-gabelstapler-kopie-30\\\/#breadcrumb\"},\"inLanguage\":\"de\",\"potentialAction\":[{\"@type\":\"ReadAction\",\"target\":[\"https:\\\/\\\/www.machinehandeljansen.nl\\\/de\\\/produkt\\\/produkt-vorlage-gabelstapler-kopie-30\\\/\"]}]},{\"@type\":\"ImageObject\",\"inLanguage\":\"de\",\"@id\":\"https:\\\/\\\/www.machinehandeljansen.nl\\\/de\\\/produkt\\\/produkt-vorlage-gabelstapler-kopie-30\\\/#primaryimage\",\"url\":\"https:\\\/\\\/www.machinehandeljansen.nl\\\/wp-content\\\/uploads\\\/2026\\\/03\\\/Clark-CY450BD-1.webp\",\"contentUrl\":\"https:\\\/\\\/www.machinehandeljansen.nl\\\/wp-content\\\/uploads\\\/2026\\\/03\\\/Clark-CY450BD-1.webp\",\"width\":1024,\"height\":768,\"caption\":\"SAMSUNG KAMERA BILDER\"},{\"@type\":\"BreadcrumbList\",\"@id\":\"https:\\\/\\\/www.machinehandeljansen.nl\\\/de\\\/produkt\\\/produkt-vorlage-gabelstapler-kopie-30\\\/#breadcrumb\",\"itemListElement\":[{\"@type\":\"ListItem\",\"position\":1,\"name\":\"Startseite\",\"item\":\"https:\\\/\\\/www.machinehandeljansen.nl\\\/de\\\/maschinenfabrik-jansen\\\/\"},{\"@type\":\"ListItem\",\"position\":2,\"name\":\"Shop\",\"item\":\"https:\\\/\\\/www.machinehandeljansen.nl\\\/de\\\/shop\\\/\"},{\"@type\":\"ListItem\",\"position\":3,\"name\":\"Clark CY450BD\"}]},{\"@type\":\"WebSite\",\"@id\":\"https:\\\/\\\/www.machinehandeljansen.nl\\\/en\\\/#website\",\"url\":\"https:\\\/\\\/www.machinehandeljansen.nl\\\/en\\\/\",\"name\":\"Machinehandel Jansen\",\"description\":\"Wereldwijde in- en verkoop\",\"publisher\":{\"@id\":\"https:\\\/\\\/www.machinehandeljansen.nl\\\/en\\\/#organization\"},\"potentialAction\":[{\"@type\":\"SearchAction\",\"target\":{\"@type\":\"EntryPoint\",\"urlTemplate\":\"https:\\\/\\\/www.machinehandeljansen.nl\\\/en\\\/?s={search_term_string}\"},\"query-input\":{\"@type\":\"PropertyValueSpecification\",\"valueRequired\":true,\"valueName\":\"search_term_string\"}}],\"inLanguage\":\"de\"},{\"@type\":\"Organization\",\"@id\":\"https:\\\/\\\/www.machinehandeljansen.nl\\\/en\\\/#organization\",\"name\":\"Maschinenhandel Jansen\",\"url\":\"https:\\\/\\\/www.machinehandeljansen.nl\\\/en\\\/\",\"logo\":{\"@type\":\"ImageObject\",\"inLanguage\":\"de\",\"@id\":\"https:\\\/\\\/www.machinehandeljansen.nl\\\/en\\\/#\\\/schema\\\/logo\\\/image\\\/\",\"url\":\"https:\\\/\\\/www.machinehandeljansen.nl\\\/wp-content\\\/uploads\\\/2023\\\/12\\\/MachinehandelJansen-e1761223476659.png\",\"contentUrl\":\"https:\\\/\\\/www.machinehandeljansen.nl\\\/wp-content\\\/uploads\\\/2023\\\/12\\\/MachinehandelJansen-e1761223476659.png\",\"width\":1719,\"height\":859,\"caption\":\"Maschinenhandel Jansen\"},\"image\":{\"@id\":\"https:\\\/\\\/www.machinehandeljansen.nl\\\/en\\\/#\\\/schema\\\/logo\\\/image\\\/\"},\"sameAs\":[\"https:\\\/\\\/www.facebook.com\\\/profile.php?id=100064073562449\"]}]}<\/script>\n<!-- \/ Yoast SEO plugin. -->","yoast_head_json":{"title":"Clark CY450BD kaufen | Machinehandel Jansen","description":"M\u00f6chten Sie Clark CY450BD kaufen? Sehen Sie sich diese gebrauchte Maschine bei Machinehandel Jansen an. Sofort verf\u00fcgbar, weltweiter Transport m\u00f6glich. Fordern Sie Informationen oder einen Preis an.","robots":{"index":"index","follow":"follow","max-snippet":"max-snippet:-1","max-image-preview":"max-image-preview:large","max-video-preview":"max-video-preview:-1"},"canonical":"https:\/\/www.machinehandeljansen.nl\/de\/produkt\/produkt-vorlage-gabelstapler-kopie-30\/","og_locale":"de_DE","og_type":"article","og_title":"Clark CY450BD kaufen | Machinehandel Jansen","og_description":"M\u00f6chten Sie Clark CY450BD kaufen? Sehen Sie sich diese gebrauchte Maschine bei Machinehandel Jansen an. Sofort verf\u00fcgbar, weltweiter Transport m\u00f6glich. Fordern Sie Informationen oder einen Preis an.","og_url":"https:\/\/www.machinehandeljansen.nl\/de\/produkt\/produkt-vorlage-gabelstapler-kopie-30\/","og_site_name":"Machinehandel Jansen","article_publisher":"https:\/\/www.facebook.com\/profile.php?id=100064073562449","article_modified_time":"2026-03-06T06:38:36+00:00","og_image":[{"width":1024,"height":768,"url":"https:\/\/www.machinehandeljansen.nl\/wp-content\/uploads\/2026\/03\/Clark-CY450BD-1.jpg","type":"image\/jpeg"}],"twitter_card":"summary_large_image","schema":{"@context":"https:\/\/schema.org","@graph":[{"@type":"WebPage","@id":"https:\/\/www.machinehandeljansen.nl\/de\/produkt\/produkt-vorlage-gabelstapler-kopie-30\/","url":"https:\/\/www.machinehandeljansen.nl\/de\/produkt\/produkt-vorlage-gabelstapler-kopie-30\/","name":"Clark CY450BD kaufen | Machinehandel Jansen","isPartOf":{"@id":"https:\/\/www.machinehandeljansen.nl\/en\/#website"},"primaryImageOfPage":{"@id":"https:\/\/www.machinehandeljansen.nl\/de\/produkt\/produkt-vorlage-gabelstapler-kopie-30\/#primaryimage"},"image":{"@id":"https:\/\/www.machinehandeljansen.nl\/de\/produkt\/produkt-vorlage-gabelstapler-kopie-30\/#primaryimage"},"thumbnailUrl":"https:\/\/www.machinehandeljansen.nl\/wp-content\/uploads\/2026\/03\/Clark-CY450BD-1.webp","datePublished":"2026-03-06T06:29:03+00:00","dateModified":"2026-03-06T06:38:36+00:00","description":"M\u00f6chten Sie Clark CY450BD kaufen? Sehen Sie sich diese gebrauchte Maschine bei Machinehandel Jansen an. Sofort verf\u00fcgbar, weltweiter Transport m\u00f6glich. Fordern Sie Informationen oder einen Preis an.","breadcrumb":{"@id":"https:\/\/www.machinehandeljansen.nl\/de\/produkt\/produkt-vorlage-gabelstapler-kopie-30\/#breadcrumb"},"inLanguage":"de","potentialAction":[{"@type":"ReadAction","target":["https:\/\/www.machinehandeljansen.nl\/de\/produkt\/produkt-vorlage-gabelstapler-kopie-30\/"]}]},{"@type":"ImageObject","inLanguage":"de","@id":"https:\/\/www.machinehandeljansen.nl\/de\/produkt\/produkt-vorlage-gabelstapler-kopie-30\/#primaryimage","url":"https:\/\/www.machinehandeljansen.nl\/wp-content\/uploads\/2026\/03\/Clark-CY450BD-1.webp","contentUrl":"https:\/\/www.machinehandeljansen.nl\/wp-content\/uploads\/2026\/03\/Clark-CY450BD-1.webp","width":1024,"height":768,"caption":"SAMSUNG KAMERA BILDER"},{"@type":"BreadcrumbList","@id":"https:\/\/www.machinehandeljansen.nl\/de\/produkt\/produkt-vorlage-gabelstapler-kopie-30\/#breadcrumb","itemListElement":[{"@type":"ListItem","position":1,"name":"Startseite","item":"https:\/\/www.machinehandeljansen.nl\/de\/maschinenfabrik-jansen\/"},{"@type":"ListItem","position":2,"name":"Shop","item":"https:\/\/www.machinehandeljansen.nl\/de\/shop\/"},{"@type":"ListItem","position":3,"name":"Clark CY450BD"}]},{"@type":"WebSite","@id":"https:\/\/www.machinehandeljansen.nl\/en\/#website","url":"https:\/\/www.machinehandeljansen.nl\/en\/","name":"Machinehandel Jansen","description":"Wereldwijde in- en verkoop","publisher":{"@id":"https:\/\/www.machinehandeljansen.nl\/en\/#organization"},"potentialAction":[{"@type":"SearchAction","target":{"@type":"EntryPoint","urlTemplate":"https:\/\/www.machinehandeljansen.nl\/en\/?s={search_term_string}"},"query-input":{"@type":"PropertyValueSpecification","valueRequired":true,"valueName":"search_term_string"}}],"inLanguage":"de"},{"@type":"Organization","@id":"https:\/\/www.machinehandeljansen.nl\/en\/#organization","name":"Maschinenhandel Jansen","url":"https:\/\/www.machinehandeljansen.nl\/en\/","logo":{"@type":"ImageObject","inLanguage":"de","@id":"https:\/\/www.machinehandeljansen.nl\/en\/#\/schema\/logo\/image\/","url":"https:\/\/www.machinehandeljansen.nl\/wp-content\/uploads\/2023\/12\/MachinehandelJansen-e1761223476659.png","contentUrl":"https:\/\/www.machinehandeljansen.nl\/wp-content\/uploads\/2023\/12\/MachinehandelJansen-e1761223476659.png","width":1719,"height":859,"caption":"Maschinenhandel Jansen"},"image":{"@id":"https:\/\/www.machinehandeljansen.nl\/en\/#\/schema\/logo\/image\/"},"sameAs":["https:\/\/www.facebook.com\/profile.php?id=100064073562449"]}]}},"_links":{"self":[{"href":"https:\/\/www.machinehandeljansen.nl\/de\/wp-json\/wp\/v2\/product\/20857","targetHints":{"allow":["GET"]}}],"collection":[{"href":"https:\/\/www.machinehandeljansen.nl\/de\/wp-json\/wp\/v2\/product"}],"about":[{"href":"https:\/\/www.machinehandeljansen.nl\/de\/wp-json\/wp\/v2\/types\/product"}],"wp:featuredmedia":[{"embeddable":true,"href":"https:\/\/www.machinehandeljansen.nl\/de\/wp-json\/wp\/v2\/media\/20864"}],"wp:attachment":[{"href":"https:\/\/www.machinehandeljansen.nl\/de\/wp-json\/wp\/v2\/media?parent=20857"}],"wp:term":[{"taxonomy":"product_brand","embeddable":true,"href":"https:\/\/www.machinehandeljansen.nl\/de\/wp-json\/wp\/v2\/product_brand?post=20857"},{"taxonomy":"product_cat","embeddable":true,"href":"https:\/\/www.machinehandeljansen.nl\/de\/wp-json\/wp\/v2\/product_cat?post=20857"},{"taxonomy":"product_tag","embeddable":true,"href":"https:\/\/www.machinehandeljansen.nl\/de\/wp-json\/wp\/v2\/product_tag?post=20857"}],"curies":[{"name":"wp","href":"https:\/\/api.w.org\/{rel}","templated":true}]}}